{"id":88,"date":"2019-09-12T08:17:19","date_gmt":"2019-09-12T08:17:19","guid":{"rendered":"https:\/\/www.cedrushotelantalya.com\/contact-us-1\/"},"modified":"2019-12-04T13:30:13","modified_gmt":"2019-12-04T13:30:13","slug":"cedrus-hotel-iletisim","status":"publish","type":"page","link":"https:\/\/www.cedrushotelantalya.com\/en\/cedrus-hotel-iletisim\/","title":{"rendered":"Contact"},"content":{"rendered":"<div class=\"vc_row wpb_row vc_row-fluid\"><div class=\"wpb_column vc_column_container vc_col-sm-6\"><div class=\"vc_column-inner\"><div class=\"wpb_wrapper\"><div class=\"sohohotel-title3 sohohotel-title-color\"><h4>Contact Form<\/h4><\/div>\n\t<div class=\"wpb_text_column wpb_content_element\" >\n\t\t<div class=\"wpb_wrapper\">\n\t\t\t<p>Please contact with us from contact form or contact infos about you question or proposals.<\/p>\n\n\t\t<\/div>\n\t<\/div>\n\n<div class=\"wpcf7 no-js\" id=\"wpcf7-f87-o1\" lang=\"en-US\" dir=\"ltr\">\n<div class=\"screen-reader-response\"><p role=\"status\" aria-live=\"polite\" aria-atomic=\"true\"><\/p> <ul><\/ul><\/div>\n<form action=\"\/en\/wp-json\/wp\/v2\/pages\/88#wpcf7-f87-o1\" method=\"post\" class=\"wpcf7-form init\" aria-label=\"Contact form\" novalidate=\"novalidate\" data-status=\"init\" data-trp-original-action=\"\/en\/wp-json\/wp\/v2\/pages\/88#wpcf7-f87-o1\">\n<div style=\"display: none;\">\n<input type=\"hidden\" name=\"_wpcf7\" value=\"87\" \/>\n<input type=\"hidden\" name=\"_wpcf7_version\" value=\"5.7.6\" \/>\n<input type=\"hidden\" name=\"_wpcf7_locale\" value=\"en_US\" \/>\n<input type=\"hidden\" name=\"_wpcf7_unit_tag\" value=\"wpcf7-f87-o1\" \/>\n<input type=\"hidden\" name=\"_wpcf7_container_post\" value=\"0\" \/>\n<input type=\"hidden\" name=\"_wpcf7_posted_data_hash\" value=\"\" \/>\n<\/div>\n<p><label>Name <span>*<\/span><\/label><span class=\"wpcf7-form-control-wrap\" data-name=\"your-name\"><input size=\"40\" class=\"wpcf7-form-control wpcf7-text wpcf7-validates-as-required\" aria-required=\"true\" aria-invalid=\"false\" value=\"\" type=\"text\" name=\"your-name\" \/><\/span><label>Email <span>*<\/span><\/label><span class=\"wpcf7-form-control-wrap\" data-name=\"your-email\"><input size=\"40\" class=\"wpcf7-form-control wpcf7-text wpcf7-email wpcf7-validates-as-required wpcf7-validates-as-email\" aria-required=\"true\" aria-invalid=\"false\" value=\"\" type=\"email\" name=\"your-email\" \/><\/span><label>Subject<\/label><span class=\"wpcf7-form-control-wrap\" data-name=\"your-subject\"><input size=\"40\" class=\"wpcf7-form-control wpcf7-text\" aria-invalid=\"false\" value=\"\" type=\"text\" name=\"your-subject\" \/><\/span><label>Message <span>*<\/span><\/label><span class=\"wpcf7-form-control-wrap\" data-name=\"your-message\"><textarea cols=\"40\" rows=\"10\" class=\"wpcf7-form-control wpcf7-textarea wpcf7-validates-as-required sohohotel-cf7-form1\" aria-required=\"true\" aria-invalid=\"false\" name=\"your-message\"><\/textarea><\/span><input class=\"wpcf7-form-control has-spinner wpcf7-submit\" type=\"submit\" value=\"Send\" \/>\n<\/p><div class=\"wpcf7-response-output\" aria-hidden=\"true\"><\/div>\n<input type=\"hidden\" name=\"trp-form-language\" value=\"en\"\/><\/form>\n<\/div>\n<div class=\"vc_empty_space\"   style=\"height: 40px\"><span class=\"vc_empty_space_inner\"><\/span><\/div><\/div><\/div><\/div><div class=\"wpb_column vc_column_container vc_col-sm-6\"><div class=\"vc_column-inner\"><div class=\"wpb_wrapper\"><div class=\"sohohotel-title3 sohohotel-title-color\"><h4>Contact Infos<\/h4><\/div><ul class=\"sohohotel-contact-details-list\"><li class=\"sohohotel-address clearfix\">K\u0131l\u0131n\u00e7arslan mahallesi, 2. Sakarya Sokak No:7, 07100 Muratpa\u015fa\/Antalya<\/li><li class=\"sohohotel-phone clearfix\">(0242) 241 11 88 - (0532) 360 26 32<\/li><li class=\"sohohotel-email clearfix\"><a href=\"mailto:info@cedrushotelantalya.com\">info@cedrushotelantalya.com<\/a><\/li><\/ul><div class=\"sohohotel-title3 sohohotel-title-color\"><h4>Cedrus Hotel in Social Media<\/h4><\/div><ul class=\"sohohotel-social-links sohohotel-clearfix\"><li><a href=\"#\" target=\"_blank\"><i class=\"fa fa-facebook\"><\/i><\/a><\/li><li><a href=\"#\" target=\"_blank\"><i class=\"fa fa-instagram\"><\/i><\/a><\/li><li><a href=\"#\" target=\"_blank\"><i class=\"fa fa-twitter\"><\/i><\/a><\/li><li><a href=\"#\" target=\"_blank\"><i class=\"fa fa-youtube-play\"><\/i><\/a><\/li><\/ul><div class=\"vc_empty_space\"   style=\"height: 40px\"><span class=\"vc_empty_space_inner\"><\/span><\/div><div class=\"wpb_gmaps_widget wpb_content_element\"><div class=\"wpb_wrapper\"><div class=\"wpb_map_wraper\"><iframe loading=\"lazy\" src=\"https:\/\/www.google.com\/maps\/embed?pb=!1m18!1m12!1m3!1d3191.336646870384!2d30.704273714900946!3d36.882293979931696!2m3!1f0!2f0!3f0!3m2!1i1024!2i768!4f13.1!3m3!1m2!1s0x14c391a4b70acde9%3A0x6934b93cc52a4253!2sCedrus%20Hotel%20Kalei%C3%A7i!5e0!3m2!1str!2str!4v1568618250318!5m2!1str!2str\" width=\"600\" height=\"450\" frameborder=\"0\" style=\"border:0;\" allowfullscreen=\"\"><\/iframe><\/div><\/div><\/div><div class=\"vc_empty_space\"   style=\"height: 80px\"><span class=\"vc_empty_space_inner\"><\/span><\/div><\/div><\/div><\/div><\/div>","protected":false},"excerpt":{"rendered":"\u0130leti\u015fim Formu T\u00fcm soru, g\u00f6r\u00fc\u015f, \u00f6neri ve \u015fikayetleriniz i\u00e7in bize ileti\u015fim formumuzdan veya ileti\u015fim bilgilerimizden ula\u015fabilirsiniz. Ad Soyad *Email *KonuMesaj * \u0130leti\u015fim BilgileriK\u0131l\u0131n\u00e7arslan mahallesi, 2. Sakarya Sokak No:7, 07100 Muratpa\u015fa\/Antalya(0242) 241 11 88 - (0532) 360 26 32info@cedrushotelantalya.comSosyal Medyada Cedrus Hotel<a href=\"https:\/\/www.cedrushotelantalya.com\/en\/cedrus-hotel-iletisim\/\" class=\"sohohotel-more-link\">Read More<i class=\"fa fa-angle-right\"><\/i><\/a>","protected":false},"author":1,"featured_media":0,"parent":0,"menu_order":0,"comment_status":"closed","ping_status":"closed","template":"","meta":{"footnotes":""},"class_list":["post-88","page","type-page","status-publish","hentry"],"yoast_head":"<!-- This site is optimized with the Yoast SEO plugin v14.9 - https:\/\/yoast.com\/wordpress\/plugins\/seo\/ -->\n<title>\u0130leti\u015fim - Cedrus Hotel Antalya<\/title>\n<meta name=\"robots\" content=\"index, follow, max-snippet:-1, max-image-preview:large, max-video-preview:-1\" \/>\n<link rel=\"canonical\" href=\"https:\/\/www.cedrushotelantalya.com\/en\/cedrus-hotel-iletisim\/\" \/>\n<meta property=\"og:locale\" content=\"en_GB\" \/>\n<meta property=\"og:type\" content=\"article\" \/>\n<meta property=\"og:title\" content=\"\u0130leti\u015fim - Cedrus Hotel Antalya\" \/>\n<meta property=\"og:url\" content=\"https:\/\/www.cedrushotelantalya.com\/en\/cedrus-hotel-iletisim\/\" \/>\n<meta property=\"og:site_name\" content=\"Cedrus Hotel Antalya\" \/>\n<meta property=\"article:modified_time\" content=\"2019-12-04T13:30:13+00:00\" \/>\n<meta name=\"twitter:card\" content=\"summary_large_image\" \/>\n<script type=\"application\/ld+json\" class=\"yoast-schema-graph\">{\"@context\":\"https:\/\/schema.org\",\"@graph\":[{\"@type\":\"WebSite\",\"@id\":\"https:\/\/www.cedrushotelantalya.com\/en\/#website\",\"url\":\"https:\/\/www.cedrushotelantalya.com\/en\/\",\"name\":\"Cedrus Hotel Antalya\",\"description\":\"Antalya Kalei\\u00e7i&#039;nin merkezinde Cedrus Hotel Antalya&#039;ya davetlisiniz\",\"potentialAction\":[{\"@type\":\"SearchAction\",\"target\":\"https:\/\/www.cedrushotelantalya.com\/en\/?s={search_term_string}\",\"query-input\":\"required name=search_term_string\"}],\"inLanguage\":\"en-GB\"},{\"@type\":\"WebPage\",\"@id\":\"https:\/\/www.cedrushotelantalya.com\/cedrus-hotel-iletisim\/#webpage\",\"url\":\"https:\/\/www.cedrushotelantalya.com\/cedrus-hotel-iletisim\/\",\"name\":\"\\u0130leti\\u015fim - Cedrus Hotel Antalya\",\"isPartOf\":{\"@id\":\"https:\/\/www.cedrushotelantalya.com\/en\/#website\"},\"datePublished\":\"2019-09-12T08:17:19+00:00\",\"dateModified\":\"2019-12-04T13:30:13+00:00\",\"inLanguage\":\"en-GB\",\"potentialAction\":[{\"@type\":\"ReadAction\",\"target\":[\"https:\/\/www.cedrushotelantalya.com\/cedrus-hotel-iletisim\/\"]}]}]}<\/script>\n<!-- \/ Yoast SEO plugin. -->","_links":{"self":[{"href":"https:\/\/www.cedrushotelantalya.com\/en\/wp-json\/wp\/v2\/pages\/88","targetHints":{"allow":["GET"]}}],"collection":[{"href":"https:\/\/www.cedrushotelantalya.com\/en\/wp-json\/wp\/v2\/pages"}],"about":[{"href":"https:\/\/www.cedrushotelantalya.com\/en\/wp-json\/wp\/v2\/types\/page"}],"author":[{"embeddable":true,"href":"https:\/\/www.cedrushotelantalya.com\/en\/wp-json\/wp\/v2\/users\/1"}],"replies":[{"embeddable":true,"href":"https:\/\/www.cedrushotelantalya.com\/en\/wp-json\/wp\/v2\/comments?post=88"}],"version-history":[{"count":0,"href":"https:\/\/www.cedrushotelantalya.com\/en\/wp-json\/wp\/v2\/pages\/88\/revisions"}],"wp:attachment":[{"href":"https:\/\/www.cedrushotelantalya.com\/en\/wp-json\/wp\/v2\/media?parent=88"}],"curies":[{"name":"wp","href":"https:\/\/api.w.org\/{rel}","templated":true}]}}