{"id":74,"date":"2019-09-12T08:17:15","date_gmt":"2019-09-12T08:17:15","guid":{"rendered":"https:\/\/www.cedrushotelantalya.com\/accommodation-style-3-3-columns\/"},"modified":"2025-02-17T14:40:19","modified_gmt":"2025-02-17T14:40:19","slug":"odalar","status":"publish","type":"page","link":"https:\/\/www.cedrushotelantalya.com\/en\/odalar\/","title":{"rendered":"Cedrus Hotel - Rooms"},"content":{"rendered":"<div class=\"vc_row wpb_row vc_row-fluid\"><div class=\"wpb_column vc_column_container vc_col-sm-12\"><div class=\"vc_column-inner\"><div class=\"wpb_wrapper\">\t\t\n\t\t\t\t\t\n\t\t\t<!-- BEGIN .accommodation-block-wrapper-2 -->\n\t\t\t<div class=\"accommodation-block-wrapper-2 accommodation-4-cols clearfix\">\n\t\t\t\n\t\t\t\t\n\t\t\t\t\t\n\t\t\t<!-- BEGIN .accommodation-block -->\n\t\t\t<div class=\"accommodation-block clearfix\">\n\n\t\t\t\t<div class=\"accommodation-block-image\">\n\t\t\t\t\t<a href=\"https:\/\/www.cedrushotelantalya.com\/en\/accommodation\/superior\/\" rel=\"bookmark\" title=\"Superior\">\n\t\t\t\t\t\t\t\t\t\t\t\t<img decoding=\"async\" src=\"https:\/\/www.cedrushotelantalya.com\/wp-content\/uploads\/2019\/09\/DSC07716-1-600x380.jpg\" alt=\"Superior\" \/>\t\t\t\t\t<\/a>\n\t\t\t\t\t<div class=\"accommodation-block-price\"><a href=\"https:\/\/www.cedrushotelantalya.com\/en\/accommodation\/superior\/\">From $0.00<\/a><\/div>\n\t\t\t\t<\/div>\n\t\n\t\t\t\t<h4 class=\"shb-clearfix\"><a href=\"https:\/\/www.cedrushotelantalya.com\/en\/accommodation\/superior\/\" rel=\"bookmark\" title=\"Superior\"><span>Superior<\/span><i class=\"fa fa-angle-right\"><\/i><\/a><\/h4>\n\t\n\t\t\t<!-- END .accommodation-block -->\n\t\t\t<\/div>\n\t\t\t\n\t\t\t\t\t\n\t\t\t<!-- BEGIN .accommodation-block -->\n\t\t\t<div class=\"accommodation-block clearfix\">\n\n\t\t\t\t<div class=\"accommodation-block-image\">\n\t\t\t\t\t<a href=\"https:\/\/www.cedrushotelantalya.com\/en\/accommodation\/single\/\" rel=\"bookmark\" title=\"Single\">\n\t\t\t\t\t\t\t\t\t\t\t\t<img decoding=\"async\" src=\"https:\/\/www.cedrushotelantalya.com\/wp-content\/uploads\/2019\/09\/DSC07983-1-600x380.jpg\" alt=\"Single\" \/>\t\t\t\t\t<\/a>\n\t\t\t\t\t<div class=\"accommodation-block-price\"><a href=\"https:\/\/www.cedrushotelantalya.com\/en\/accommodation\/single\/\">From $0.00<\/a><\/div>\n\t\t\t\t<\/div>\n\t\n\t\t\t\t<h4 class=\"shb-clearfix\"><a href=\"https:\/\/www.cedrushotelantalya.com\/en\/accommodation\/single\/\" rel=\"bookmark\" title=\"Single\"><span>Single<\/span><i class=\"fa fa-angle-right\"><\/i><\/a><\/h4>\n\t\n\t\t\t<!-- END .accommodation-block -->\n\t\t\t<\/div>\n\t\t\t\n\t\t\t\t\t\n\t\t\t<!-- BEGIN .accommodation-block -->\n\t\t\t<div class=\"accommodation-block clearfix\">\n\n\t\t\t\t<div class=\"accommodation-block-image\">\n\t\t\t\t\t<a href=\"https:\/\/www.cedrushotelantalya.com\/en\/accommodation\/deluxe\/\" rel=\"bookmark\" title=\"Deluxe\">\n\t\t\t\t\t\t\t\t\t\t\t\t<img decoding=\"async\" src=\"https:\/\/www.cedrushotelantalya.com\/wp-content\/uploads\/2019\/09\/DSC07764-1-600x380.jpg\" alt=\"Deluxe\" \/>\t\t\t\t\t<\/a>\n\t\t\t\t\t<div class=\"accommodation-block-price\"><a href=\"https:\/\/www.cedrushotelantalya.com\/en\/accommodation\/deluxe\/\">From $0.00<\/a><\/div>\n\t\t\t\t<\/div>\n\t\n\t\t\t\t<h4 class=\"shb-clearfix\"><a href=\"https:\/\/www.cedrushotelantalya.com\/en\/accommodation\/deluxe\/\" rel=\"bookmark\" title=\"Deluxe\"><span>Deluxe<\/span><i class=\"fa fa-angle-right\"><\/i><\/a><\/h4>\n\t\n\t\t\t<!-- END .accommodation-block -->\n\t\t\t<\/div>\n\t\t\t\n\t\t\t\t\t\n\t\t\t<!-- BEGIN .accommodation-block -->\n\t\t\t<div class=\"accommodation-block clearfix\">\n\n\t\t\t\t<div class=\"accommodation-block-image\">\n\t\t\t\t\t<a href=\"https:\/\/www.cedrushotelantalya.com\/en\/accommodation\/konak\/\" rel=\"bookmark\" title=\"Konak (Mansion)\">\n\t\t\t\t\t\t\t\t\t\t\t\t<img decoding=\"async\" src=\"https:\/\/www.cedrushotelantalya.com\/wp-content\/uploads\/2022\/02\/DSC08436-1-600x380.jpg\" alt=\"Konak (Mansion)\" \/>\t\t\t\t\t<\/a>\n\t\t\t\t\t<div class=\"accommodation-block-price\"><a href=\"https:\/\/www.cedrushotelantalya.com\/en\/accommodation\/konak\/\">From $0.00<\/a><\/div>\n\t\t\t\t<\/div>\n\t\n\t\t\t\t<h4 class=\"shb-clearfix\"><a href=\"https:\/\/www.cedrushotelantalya.com\/en\/accommodation\/konak\/\" rel=\"bookmark\" title=\"Konak (Mansion)\"><span>Konak (Mansion)<\/span><i class=\"fa fa-angle-right\"><\/i><\/a><\/h4>\n\t\n\t\t\t<!-- END .accommodation-block -->\n\t\t\t<\/div>\n\t\t\t\n\t\t\t\t\n\t\t<!-- END .accommodation-grid -->\n\t\t<\/div>\n\t\t\n\t\t\n\t\t\n\t\t\n\t\t\t\n\t\t\t\t\n\t\t\t<\/div><\/div><\/div><\/div>","protected":false},"excerpt":{"rendered":"Oda Detaylar\u0131 Kalei\u00e7inin \u00f6zg\u00fcn yap\u0131s\u0131na sad\u0131k kal\u0131narak restore edilmi\u015f olan kona\u011f\u0131m\u0131zda , 3 yatak odas\u0131 , 2 banyo , 1 mutfak , 1 salon ve yemek odas\u0131 bulunmaktad\u0131r. Ailenizle birlikte ho\u015f vakit ge\u00e7irebilece\u011finiz kendine ait bah\u00e7esi vard\u0131r. Oda G\u00f6rselleri Hizmetlerimiz Otel genelinde ve odalarda wi fi Tv uydu kanallar\u0131 Emanet kasas\u0131 T\u00fcm odalar du\u015flu Banyo<a href=\"https:\/\/www.cedrushotelantalya.com\/en\/accommodation\/konak\/\" class=\"sohohotel-more-link\">Read More<i class=\"fa fa-angle-right\"><\/i><\/a>","protected":false},"author":1,"featured_media":0,"parent":0,"menu_order":0,"comment_status":"closed","ping_status":"closed","template":"","meta":{"footnotes":""},"class_list":["post-74","page","type-page","status-publish","hentry"],"yoast_head":"<!-- This site is optimized with the Yoast SEO plugin v14.9 - https:\/\/yoast.com\/wordpress\/plugins\/seo\/ -->\n<title>Cedrus Hotel - Odalar - Cedrus Hotel Antalya<\/title>\n<meta name=\"robots\" content=\"index, follow, max-snippet:-1, max-image-preview:large, max-video-preview:-1\" \/>\n<link rel=\"canonical\" href=\"https:\/\/www.cedrushotelantalya.com\/en\/odalar\/\" \/>\n<meta property=\"og:locale\" content=\"en_GB\" \/>\n<meta property=\"og:type\" content=\"article\" \/>\n<meta property=\"og:title\" content=\"Cedrus Hotel - Odalar - Cedrus Hotel Antalya\" \/>\n<meta property=\"og:url\" content=\"https:\/\/www.cedrushotelantalya.com\/en\/odalar\/\" \/>\n<meta property=\"og:site_name\" content=\"Cedrus Hotel Antalya\" \/>\n<meta property=\"article:modified_time\" content=\"2025-02-17T14:40:19+00:00\" \/>\n<meta name=\"twitter:card\" content=\"summary_large_image\" \/>\n<script type=\"application\/ld+json\" class=\"yoast-schema-graph\">{\"@context\":\"https:\/\/schema.org\",\"@graph\":[{\"@type\":\"WebSite\",\"@id\":\"https:\/\/www.cedrushotelantalya.com\/en\/#website\",\"url\":\"https:\/\/www.cedrushotelantalya.com\/en\/\",\"name\":\"Cedrus Hotel Antalya\",\"description\":\"Antalya Kalei\\u00e7i&#039;nin merkezinde Cedrus Hotel Antalya&#039;ya davetlisiniz\",\"potentialAction\":[{\"@type\":\"SearchAction\",\"target\":\"https:\/\/www.cedrushotelantalya.com\/en\/?s={search_term_string}\",\"query-input\":\"required name=search_term_string\"}],\"inLanguage\":\"en-GB\"},{\"@type\":\"WebPage\",\"@id\":\"https:\/\/www.cedrushotelantalya.com\/odalar\/#webpage\",\"url\":\"https:\/\/www.cedrushotelantalya.com\/odalar\/\",\"name\":\"Cedrus Hotel - Odalar - Cedrus Hotel Antalya\",\"isPartOf\":{\"@id\":\"https:\/\/www.cedrushotelantalya.com\/en\/#website\"},\"datePublished\":\"2019-09-12T08:17:15+00:00\",\"dateModified\":\"2025-02-17T14:40:19+00:00\",\"inLanguage\":\"en-GB\",\"potentialAction\":[{\"@type\":\"ReadAction\",\"target\":[\"https:\/\/www.cedrushotelantalya.com\/odalar\/\"]}]}]}<\/script>\n<!-- \/ Yoast SEO plugin. -->","_links":{"self":[{"href":"https:\/\/www.cedrushotelantalya.com\/en\/wp-json\/wp\/v2\/pages\/74","targetHints":{"allow":["GET"]}}],"collection":[{"href":"https:\/\/www.cedrushotelantalya.com\/en\/wp-json\/wp\/v2\/pages"}],"about":[{"href":"https:\/\/www.cedrushotelantalya.com\/en\/wp-json\/wp\/v2\/types\/page"}],"author":[{"embeddable":true,"href":"https:\/\/www.cedrushotelantalya.com\/en\/wp-json\/wp\/v2\/users\/1"}],"replies":[{"embeddable":true,"href":"https:\/\/www.cedrushotelantalya.com\/en\/wp-json\/wp\/v2\/comments?post=74"}],"version-history":[{"count":0,"href":"https:\/\/www.cedrushotelantalya.com\/en\/wp-json\/wp\/v2\/pages\/74\/revisions"}],"wp:attachment":[{"href":"https:\/\/www.cedrushotelantalya.com\/en\/wp-json\/wp\/v2\/media?parent=74"}],"curies":[{"name":"wp","href":"https:\/\/api.w.org\/{rel}","templated":true}]}}