{"id":57,"date":"2019-09-12T08:17:13","date_gmt":"2019-09-12T08:17:13","guid":{"rendered":"https:\/\/www.cedrushotelantalya.com\/about-us-2\/"},"modified":"2025-05-16T13:02:58","modified_gmt":"2025-05-16T13:02:58","slug":"hakkimizda","status":"publish","type":"page","link":"https:\/\/www.cedrushotelantalya.com\/en\/hakkimizda\/","title":{"rendered":"About Us"},"content":{"rendered":"<div class=\"vc_row wpb_row vc_row-fluid\"><div class=\"wpb_column vc_column_container vc_col-sm-6\"><div class=\"vc_column-inner\"><div class=\"wpb_wrapper\"><div class=\"sohohotel-title3 sohohotel-title-color\"><h4>About Cedrus Hotel<\/h4><\/div>\n\t<div class=\"wpb_text_column wpb_content_element\" >\n\t\t<div class=\"wpb_wrapper\">\n\t\t\t<p>Kaleici\/Antalya, where the hotel is located<span class=\"Apple-converted-space\">\u00a0 <\/span>is within the Archaeological and Urban Conservation Area. Kaleici has the most beautiful examples of Antalya Houses and structures from Roman, Seljuk, Ottoman and Republic eras. <b>Cedrus Hotel is one of the Republic Era Kaleici Houses.<\/b> The building is estimated to have been in the  late 19th century.<\/p>\n<p>The first owner of the mansion Tevfik Is\u0131k was the person who set up the first power plant in Antalya at the request of Gazi Mustafa Kemal Ataturk who then gave this mansion to Tevfik Is\u0131k and his family as a gift.<span class=\"Apple-converted-space\">\u00a0<\/span><\/p>\n<p>Yap\u0131, otel olmadan \u00f6nce uzun y\u0131llar boyunca K\u00fclt\u00fcrler Evi olarak M\u00fcze i\u015flevi ile kullan\u0131lm\u0131\u015ft\u0131r. Konak orijinaline sad\u0131k kal\u0131n\u0131p restore edilerek 2019 y\u0131l\u0131nda otel haline getirilmi\u015f; 11 odas\u0131 (2 single, 7 superior ve 2 deluxe), lobi, bah\u00e7esi ve bar\u0131 ile hizmete a\u00e7\u0131lm\u0131\u015ft\u0131r.<\/p>\n\n\t\t<\/div>\n\t<\/div>\n<\/div><\/div><\/div><div class=\"wpb_column vc_column_container vc_col-sm-6\"><div class=\"vc_column-inner\"><div class=\"wpb_wrapper\"><div class=\"sohohotel-video-thumbnail-wrapper\" style=\"background: url(https:\/\/www.cedrushotelantalya.com\/wp-content\/uploads\/2019\/09\/video_thumb.jpg);\">\n\t<div class=\"sohohotel-video-play\">\n\t<a href=\"https:\/\/www.youtube.com\/watch?v=hR54nFsOecY\" data-gal=\"prettyPhoto\"><i class=\"fa fa-play\"><\/i><\/a>\n\t<\/div>\n\t<\/div><div class=\"vc_empty_space\"   style=\"height: 40px\"><span class=\"vc_empty_space_inner\"><\/span><\/div><\/div><\/div><\/div><\/div><div class=\"vc_row wpb_row vc_row-fluid\"><div class=\"wpb_column vc_column_container vc_col-sm-6\"><div class=\"vc_column-inner\"><div class=\"wpb_wrapper\"><div class=\"sohohotel-title3 sohohotel-title-color\"><h4>Cedrus Hotel Location<\/h4><\/div>\n\t<div class=\"wpb_text_column wpb_content_element\" >\n\t\t<div class=\"wpb_wrapper\">\n\t\t\t<p>The hotel is located in the center of Kaleici; right next to the historical Broken Minaret (Kesik Minare) and the Hidirlik Tower and Harian\u2019s Gate is only a couple minutes\u2019 walk away. The hotel is approximately 600m from the marina and 11 km from the Antalya International Airport. Its location provides guests with easy access to the surrounding entertainment venues, shopping centers, historical sites and artistic venues around the clock.<\/p>\n<p>Within the premises, the image of \u2018Traditional Antalya House\u2019 has been mostly preserved. The antique furniture used by the owners of the house was used in the rooms and public areas of the hotel and the historical texture was preserved and enriched.<\/p>\n\n\t\t<\/div>\n\t<\/div>\n<div class=\"vc_empty_space\"   style=\"height: 50px\"><span class=\"vc_empty_space_inner\"><\/span><\/div><\/div><\/div><\/div><div class=\"wpb_column vc_column_container vc_col-sm-6\"><div class=\"vc_column-inner\"><div class=\"wpb_wrapper\"><div class=\"sohohotel-title3 sohohotel-title-color\"><h4>The CEDRUS TREE<\/h4><\/div>\n\t<div class=\"wpb_text_column wpb_content_element\" >\n\t\t<div class=\"wpb_wrapper\">\n\t\t\t<p>The CEDRUS TREE, which the hotel was named after, is one of the most common trees in the Mediterranean Region. It was decided that the name of the hotel should be CEDRUS to draw attention to a geography covered with Cedar Forests and the cedar trees cut during the construction of HEPPs (Hydro Electrical Power Plants) . Although Cedar Tree cutting is prohibited, unfortunately in recent years they have been intensively cut.<span class=\"Apple-converted-space\">\u00a0<\/span><\/p>\n<p>CEDRUS TREE was used in the construction of most of the old Antalya Kalei\u00e7i Houses. Cedar Tree has a unique smell; the most striking thing when entering into our hotel and Old Antalya Kalei\u00e7i Houses is the unique smell of Cedar Tree.<span class=\"Apple-converted-space\">\u00a0<\/span><\/p>\n\n\t\t<\/div>\n\t<\/div>\n<div class=\"vc_empty_space\"   style=\"height: 50px\"><span class=\"vc_empty_space_inner\"><\/span><\/div><\/div><\/div><\/div><\/div>","protected":false},"excerpt":{"rendered":"Cedrus Hotel Hakk\u0131nda Otelin yer ald\u0131\u011f\u0131 Kalei\u00e7i \/ Antalya;\u00a0 Arkeolojik ve Kentsel Sit Alan\u0131 i\u00e7erisindedir. Kalei\u00e7i\u2019nin Roma, Sel\u00e7uklu, Osmanl\u0131 ve Cumhuriyet D\u00f6nemi yap\u0131lar\u0131, Antalya Evlerinin en g\u00fczel \u00f6rneklerini bar\u0131nd\u0131ran bir yer olma \u00f6zelli\u011fi vard\u0131r. Cedrus Oteli\u2019de Cumhuriyet D\u00f6nemi Kalei\u00e7i Evlerinden biridir. Binan\u0131n 19. y\u00fczy\u0131l sonlar\u0131nda yap\u0131ld\u0131\u011f\u0131 tahmin edilmektedir. Kona\u011f\u0131n ilk sahibi Tevfik I\u015f\u0131k, Antalya\u2019ya ilk<a href=\"https:\/\/www.cedrushotelantalya.com\/en\/hakkimizda\/\" class=\"sohohotel-more-link\">Read More<i class=\"fa fa-angle-right\"><\/i><\/a>","protected":false},"author":1,"featured_media":0,"parent":0,"menu_order":0,"comment_status":"closed","ping_status":"closed","template":"","meta":{"footnotes":""},"class_list":["post-57","page","type-page","status-publish","hentry"],"yoast_head":"<!-- This site is optimized with the Yoast SEO plugin v14.9 - https:\/\/yoast.com\/wordpress\/plugins\/seo\/ -->\n<title>Hakk\u0131m\u0131zda - Cedrus Hotel Antalya<\/title>\n<meta name=\"robots\" content=\"index, follow, max-snippet:-1, max-image-preview:large, max-video-preview:-1\" \/>\n<link rel=\"canonical\" href=\"https:\/\/www.cedrushotelantalya.com\/en\/hakkimizda\/\" \/>\n<meta property=\"og:locale\" content=\"en_GB\" \/>\n<meta property=\"og:type\" content=\"article\" \/>\n<meta property=\"og:title\" content=\"Hakk\u0131m\u0131zda - Cedrus Hotel Antalya\" \/>\n<meta property=\"og:url\" content=\"https:\/\/www.cedrushotelantalya.com\/en\/hakkimizda\/\" \/>\n<meta property=\"og:site_name\" content=\"Cedrus Hotel Antalya\" \/>\n<meta property=\"article:modified_time\" content=\"2025-05-16T13:02:58+00:00\" \/>\n<meta name=\"twitter:card\" content=\"summary_large_image\" \/>\n<script type=\"application\/ld+json\" class=\"yoast-schema-graph\">{\"@context\":\"https:\/\/schema.org\",\"@graph\":[{\"@type\":\"WebSite\",\"@id\":\"https:\/\/www.cedrushotelantalya.com\/en\/#website\",\"url\":\"https:\/\/www.cedrushotelantalya.com\/en\/\",\"name\":\"Cedrus Hotel Antalya\",\"description\":\"Antalya Kalei\\u00e7i&#039;nin merkezinde Cedrus Hotel Antalya&#039;ya davetlisiniz\",\"potentialAction\":[{\"@type\":\"SearchAction\",\"target\":\"https:\/\/www.cedrushotelantalya.com\/en\/?s={search_term_string}\",\"query-input\":\"required name=search_term_string\"}],\"inLanguage\":\"en-GB\"},{\"@type\":\"WebPage\",\"@id\":\"https:\/\/www.cedrushotelantalya.com\/hakkimizda\/#webpage\",\"url\":\"https:\/\/www.cedrushotelantalya.com\/hakkimizda\/\",\"name\":\"Hakk\\u0131m\\u0131zda - Cedrus Hotel Antalya\",\"isPartOf\":{\"@id\":\"https:\/\/www.cedrushotelantalya.com\/en\/#website\"},\"datePublished\":\"2019-09-12T08:17:13+00:00\",\"dateModified\":\"2025-05-16T13:02:58+00:00\",\"inLanguage\":\"en-GB\",\"potentialAction\":[{\"@type\":\"ReadAction\",\"target\":[\"https:\/\/www.cedrushotelantalya.com\/hakkimizda\/\"]}]}]}<\/script>\n<!-- \/ Yoast SEO plugin. -->","_links":{"self":[{"href":"https:\/\/www.cedrushotelantalya.com\/en\/wp-json\/wp\/v2\/pages\/57","targetHints":{"allow":["GET"]}}],"collection":[{"href":"https:\/\/www.cedrushotelantalya.com\/en\/wp-json\/wp\/v2\/pages"}],"about":[{"href":"https:\/\/www.cedrushotelantalya.com\/en\/wp-json\/wp\/v2\/types\/page"}],"author":[{"embeddable":true,"href":"https:\/\/www.cedrushotelantalya.com\/en\/wp-json\/wp\/v2\/users\/1"}],"replies":[{"embeddable":true,"href":"https:\/\/www.cedrushotelantalya.com\/en\/wp-json\/wp\/v2\/comments?post=57"}],"version-history":[{"count":2,"href":"https:\/\/www.cedrushotelantalya.com\/en\/wp-json\/wp\/v2\/pages\/57\/revisions"}],"predecessor-version":[{"id":701,"href":"https:\/\/www.cedrushotelantalya.com\/en\/wp-json\/wp\/v2\/pages\/57\/revisions\/701"}],"wp:attachment":[{"href":"https:\/\/www.cedrushotelantalya.com\/en\/wp-json\/wp\/v2\/media?parent=57"}],"curies":[{"name":"wp","href":"https:\/\/api.w.org\/{rel}","templated":true}]}}