{"id":151,"date":"2019-09-12T08:17:36","date_gmt":"2019-09-12T08:17:36","guid":{"rendered":"https:\/\/www.cedrushotelantalya.com\/news-2-columns\/"},"modified":"2019-09-12T08:17:36","modified_gmt":"2019-09-12T08:17:36","slug":"news-2-columns","status":"publish","type":"page","link":"https:\/\/www.cedrushotelantalya.com\/en\/news-2-columns\/","title":{"rendered":"News 2 Columns"},"content":{"rendered":"<div class=\"vc_row wpb_row vc_row-fluid\"><div class=\"wpb_column vc_column_container vc_col-sm-12\"><div class=\"vc_column-inner\"><div class=\"wpb_wrapper\">\t\n\t\t\n\t\t<!-- BEGIN .sohohotel-blog-wrapper -->\n\t\t<div class=\"sohohotel-blog-wrapper sohohotel-blog-wrapper-2-col\">\n\t\t\t\n\t\t\n\t\t\t\t\t\n\t\t\t\t\t\t\t\n\t\t\t\t<!-- BEGIN .sohohotel-blog-block -->\n\t\t\t\t<div id=\"post-44\" class=\"sohohotel-blog-block post-44 post type-post status-publish format-standard has-post-thumbnail hentry category-uncategorized\">\n\n\t\t\t\t\t\n\t\t\t\t\t\t<div class=\"sohohotel-blog-block-image\">\n\t\t\t\t\t\t\t<a href=\"https:\/\/www.cedrushotelantalya.com\/en\/2019\/09\/12\/cedrus-hotel-antalya-acildi\/\" rel=\"bookmark\" title=\"Cedrus Hotel Antalya Opened!\">\n\t\t\t\t\t\t\t\t\t\t\t\t\t\t\t\t<img decoding=\"async\" src=\"https:\/\/www.cedrushotelantalya.com\/wp-content\/uploads\/2019\/09\/home_action-600x380.jpg\" alt=\"\" \/>\t\t\t\t\t\t\t<\/a>\n\t\t\t\t\t\t<\/div>\n\n\t\t\t\t\t\t\t\t\t\t\n\t\t\t\t\t<!-- BEGIN .sohohotel-blog-block-content -->\n\t\t\t\t\t<div class=\"sohohotel-blog-block-content\">\n\t\t\t\t\t\n\t\t\t\t\t\t<h3><a href=\"https:\/\/www.cedrushotelantalya.com\/en\/2019\/09\/12\/cedrus-hotel-antalya-acildi\/\" rel=\"bookmark\" title=\"Cedrus Hotel Antalya Opened!\">Cedrus Hotel Antalya Opened!<\/a><\/h3>\n\n\t\t\t\t\t\t<!-- BEGIN .sohohotel-blog-meta -->\n\t\t\t\t\t\t<div class=\"sohohotel-blog-meta clearfix\">\n\t\t\t\t\t\t\t<span class=\"sohohotel-blog-meta-date\"><a href=\"https:\/\/www.cedrushotelantalya.com\/en\/2019\/09\/12\/cedrus-hotel-antalya-acildi\/\" rel=\"bookmark\" title=\"Cedrus Hotel Antalya Opened!\">September 12, 2019<\/a><\/span>\n\t\t\t\t\t\t\t<span class=\"sohohotel-blog-meta-category\"><a href=\"https:\/\/www.cedrushotelantalya.com\/en\/category\/uncategorized\/\" rel=\"category tag\">Uncategorized<\/a><\/span>\n\t\t\t\t\t\t<!-- END .sohohotel-blog-meta -->\n\t\t\t\t\t\t<\/div>\n\n\t\t\t\t\t\t<!-- BEGIN .sohohotel-blog-description -->\n\t\t\t\t\t\t<div class=\"sohohotel-blog-description sohohotel-clearfix\">\n\n\t\t\t\t\t\t\t\t\t\t\t\t\t\t<p>As Cedrus Hotel Antalya family, we started to serve our guests in Antalya Kalei\u00e7i.\u00a0<\/p>\n<a href=\"https:\/\/www.cedrushotelantalya.com\/en\/2019\/09\/12\/cedrus-hotel-antalya-acildi\/\" class=\"sohohotel-more-link\">Read More<i class=\"fa fa-angle-right\"><\/i><\/a>\n\t\t\t\t\t\t<!-- END .sohohotel-blog-description -->\n\t\t\t\t\t\t<\/div>\n\t\t\t\t\t\n\t\t\t\t\t<!-- END .sohohotel-blog-block-content -->\n\t\t\t\t\t<\/div>\n\n\t\t\t\t<!-- END .sohohotel-blog-block -->\n\t\t\t\t<\/div>\n\t\t\t\t\n\t\t\t\t\t\t\n\t\t\t\t\n\t\t<!-- END .sohohotel-blog-wrapper -->\n\t\t<\/div>\n\t\t\n\t\t\t\t\n\t\t\t\t\n\t\t<\/div><\/div><\/div><\/div>","protected":false},"excerpt":{"rendered":"Cedrus Hotel Antalya ailesi olarak Antalya Kalei\u00e7inde misafirlerimize hizmet vermeye ba\u015flad\u0131k.\u00a0A\u00e7\u0131klaman\u0131n devam\u0131...<a href=\"https:\/\/www.cedrushotelantalya.com\/en\/2019\/09\/12\/cedrus-hotel-antalya-acildi\/\" class=\"sohohotel-more-link\">Read More<i class=\"fa fa-angle-right\"><\/i><\/a>","protected":false},"author":1,"featured_media":0,"parent":0,"menu_order":0,"comment_status":"closed","ping_status":"closed","template":"","meta":{"footnotes":""},"class_list":["post-151","page","type-page","status-publish","hentry"],"yoast_head":"<!-- This site is optimized with the Yoast SEO plugin v14.9 - https:\/\/yoast.com\/wordpress\/plugins\/seo\/ -->\n<title>News 2 Columns - Cedrus Hotel Antalya<\/title>\n<meta name=\"robots\" content=\"index, follow, max-snippet:-1, max-image-preview:large, max-video-preview:-1\" \/>\n<link rel=\"canonical\" href=\"https:\/\/www.cedrushotelantalya.com\/en\/news-2-columns\/\" \/>\n<meta property=\"og:locale\" content=\"en_GB\" \/>\n<meta property=\"og:type\" content=\"article\" \/>\n<meta property=\"og:title\" content=\"News 2 Columns - Cedrus Hotel Antalya\" \/>\n<meta property=\"og:url\" content=\"https:\/\/www.cedrushotelantalya.com\/en\/news-2-columns\/\" \/>\n<meta property=\"og:site_name\" content=\"Cedrus Hotel Antalya\" \/>\n<meta name=\"twitter:card\" content=\"summary_large_image\" \/>\n<script type=\"application\/ld+json\" class=\"yoast-schema-graph\">{\"@context\":\"https:\/\/schema.org\",\"@graph\":[{\"@type\":\"WebSite\",\"@id\":\"https:\/\/www.cedrushotelantalya.com\/en\/#website\",\"url\":\"https:\/\/www.cedrushotelantalya.com\/en\/\",\"name\":\"Cedrus Hotel Antalya\",\"description\":\"Antalya Kalei\\u00e7i&#039;nin merkezinde Cedrus Hotel Antalya&#039;ya davetlisiniz\",\"potentialAction\":[{\"@type\":\"SearchAction\",\"target\":\"https:\/\/www.cedrushotelantalya.com\/en\/?s={search_term_string}\",\"query-input\":\"required name=search_term_string\"}],\"inLanguage\":\"en-GB\"},{\"@type\":\"WebPage\",\"@id\":\"https:\/\/www.cedrushotelantalya.com\/news-2-columns\/#webpage\",\"url\":\"https:\/\/www.cedrushotelantalya.com\/news-2-columns\/\",\"name\":\"News 2 Columns - Cedrus Hotel Antalya\",\"isPartOf\":{\"@id\":\"https:\/\/www.cedrushotelantalya.com\/en\/#website\"},\"datePublished\":\"2019-09-12T08:17:36+00:00\",\"dateModified\":\"2019-09-12T08:17:36+00:00\",\"inLanguage\":\"en-GB\",\"potentialAction\":[{\"@type\":\"ReadAction\",\"target\":[\"https:\/\/www.cedrushotelantalya.com\/news-2-columns\/\"]}]}]}<\/script>\n<!-- \/ Yoast SEO plugin. -->","_links":{"self":[{"href":"https:\/\/www.cedrushotelantalya.com\/en\/wp-json\/wp\/v2\/pages\/151","targetHints":{"allow":["GET"]}}],"collection":[{"href":"https:\/\/www.cedrushotelantalya.com\/en\/wp-json\/wp\/v2\/pages"}],"about":[{"href":"https:\/\/www.cedrushotelantalya.com\/en\/wp-json\/wp\/v2\/types\/page"}],"author":[{"embeddable":true,"href":"https:\/\/www.cedrushotelantalya.com\/en\/wp-json\/wp\/v2\/users\/1"}],"replies":[{"embeddable":true,"href":"https:\/\/www.cedrushotelantalya.com\/en\/wp-json\/wp\/v2\/comments?post=151"}],"version-history":[{"count":0,"href":"https:\/\/www.cedrushotelantalya.com\/en\/wp-json\/wp\/v2\/pages\/151\/revisions"}],"wp:attachment":[{"href":"https:\/\/www.cedrushotelantalya.com\/en\/wp-json\/wp\/v2\/media?parent=151"}],"curies":[{"name":"wp","href":"https:\/\/api.w.org\/{rel}","templated":true}]}}